{"id":5491,"date":"2020-06-02T15:23:34","date_gmt":"2020-06-02T15:23:34","guid":{"rendered":"http:\/\/www.inmorooke.com\/buscar-viviendas\/"},"modified":"2024-04-06T09:52:27","modified_gmt":"2024-04-06T09:52:27","slug":"alquiler","status":"publish","type":"page","link":"https:\/\/www.inmorooke.com\/es\/alquiler\/","title":{"rendered":"Alquiler"},"content":{"rendered":"\t\t<div data-elementor-type=\"wp-page\" data-elementor-id=\"5491\" class=\"elementor elementor-5491 elementor-135\">\n\t\t\t\t\t\t<section class=\"elementor-section elementor-top-section elementor-element elementor-element-400efb1 elementor-section-boxed elementor-section-height-default elementor-section-height-default\" data-id=\"400efb1\" data-element_type=\"section\" data-e-type=\"section\">\n\t\t\t\t\t\t<div class=\"elementor-container elementor-column-gap-default\">\n\t\t\t\t\t<div class=\"elementor-column elementor-col-100 elementor-top-column elementor-element elementor-element-c3b4ad3\" data-id=\"c3b4ad3\" data-element_type=\"column\" data-e-type=\"column\">\n\t\t\t<div class=\"elementor-widget-wrap elementor-element-populated\">\n\t\t\t\t\t\t<section class=\"elementor-section elementor-inner-section elementor-element elementor-element-73729be elementor-section-boxed elementor-section-height-default elementor-section-height-default\" data-id=\"73729be\" data-element_type=\"section\" data-e-type=\"section\">\n\t\t\t\t\t\t<div class=\"elementor-container elementor-column-gap-default\">\n\t\t\t\t\t<div class=\"elementor-column elementor-col-100 elementor-inner-column elementor-element elementor-element-c96d3ff\" data-id=\"c96d3ff\" data-element_type=\"column\" data-e-type=\"column\">\n\t\t\t<div class=\"elementor-widget-wrap elementor-element-populated\">\n\t\t\t\t\t\t<div class=\"elementor-element elementor-element-af1ce85 elementor-widget elementor-widget-text-editor\" data-id=\"af1ce85\" data-element_type=\"widget\" data-e-type=\"widget\" data-widget_type=\"text-editor.default\">\n\t\t\t\t<div class=\"elementor-widget-container\">\n\t\t\t\t\t\t\t\t\t<p style=\"text-align: center;\"><span style=\"font-size: 12.0pt; font-family: 'Arial',sans-serif; mso-fareast-font-family: Aptos; mso-fareast-theme-font: minor-latin; mso-ligatures: standardcontextual; mso-ansi-language: ES; mso-fareast-language: EN-US; mso-bidi-language: AR-SA;\">En nuestra web, mostramos solo una selecci\u00f3n de las casas de alquiler disponibles. Si desean explorar m\u00e1s opciones o tienen requisitos espec\u00edficos, los invitamos cordialmente a ponerse en contacto con nosotros. Estamos aqu\u00ed para ayudarles a encontrar la casa de alquiler perfecta que se adapte a sus necesidades y preferencias. \u00a1Ll\u00e1menos o escr\u00edbanos hoy mismo para comenzar su b\u00fasqueda!<\/span><\/p>\t\t\t\t\t\t\t\t<\/div>\n\t\t\t\t<\/div>\n\t\t\t\t\t<\/div>\n\t\t<\/div>\n\t\t\t\t\t<\/div>\n\t\t<\/section>\n\t\t\t\t\t<\/div>\n\t\t<\/div>\n\t\t\t\t\t<\/div>\n\t\t<\/section>\n\t\t\t\t<\/div>\n\t\t","protected":false},"excerpt":{"rendered":"<p>En nuestra web, mostramos solo una selecci\u00f3n de las casas de alquiler disponibles. Si desean explorar m\u00e1s opciones o tienen requisitos espec\u00edficos, los invitamos cordialmente a ponerse en contacto con nosotros. Estamos aqu\u00ed para ayudarles a encontrar la casa de alquiler perfecta que se adapte a sus necesidades y preferencias. \u00a1Ll\u00e1menos o escr\u00edbanos hoy mismo&#8230;<\/p>\n","protected":false},"author":3,"featured_media":0,"parent":0,"menu_order":0,"comment_status":"closed","ping_status":"closed","template":"templates\/grid-layout-full-width.php","meta":{"footnotes":""},"class_list":["post-5491","page","type-page","status-publish","hentry"],"yoast_head":"<!-- This site is optimized with the Yoast SEO plugin v27.2 - https:\/\/yoast.com\/product\/yoast-seo-wordpress\/ -->\n<title>Alquiler - Real Estate Agency in Mil Palmeras ROOKE<\/title>\n<meta name=\"description\" content=\"Descubre nuestra selecci\u00f3n de casas y apartamentos para alquilar en Mil Palmeras, Torre de la Horadada, Pilar de la Horadada y Campoamor, en la impresionante Costa Blanca. Desde acogedores apartamentos junto al mar hasta elegantes casas con vistas panor\u00e1micas, ofrecemos opciones para todos los gustos. Con un profundo conocimiento local y un enfoque centrado en el cliente, te ayudaremos a encontrar la propiedad de alquiler perfecta. Explora nuestras ofertas de alquiler y d\u00e9janos facilitarte la experiencia de encontrar tu hogar ideal en esta hermosa regi\u00f3n costera mediterr\u00e1nea.\" \/>\n<meta name=\"robots\" content=\"index, follow, max-snippet:-1, max-image-preview:large, max-video-preview:-1\" \/>\n<link rel=\"canonical\" href=\"https:\/\/www.inmorooke.com\/es\/alquiler\/\" \/>\n<meta property=\"og:locale\" content=\"es_ES\" \/>\n<meta property=\"og:type\" content=\"article\" \/>\n<meta property=\"og:title\" content=\"Alquiler - Real Estate Agency in Mil Palmeras ROOKE\" \/>\n<meta property=\"og:description\" content=\"Descubre nuestra selecci\u00f3n de casas y apartamentos para alquilar en Mil Palmeras, Torre de la Horadada, Pilar de la Horadada y Campoamor, en la impresionante Costa Blanca. Desde acogedores apartamentos junto al mar hasta elegantes casas con vistas panor\u00e1micas, ofrecemos opciones para todos los gustos. Con un profundo conocimiento local y un enfoque centrado en el cliente, te ayudaremos a encontrar la propiedad de alquiler perfecta. Explora nuestras ofertas de alquiler y d\u00e9janos facilitarte la experiencia de encontrar tu hogar ideal en esta hermosa regi\u00f3n costera mediterr\u00e1nea.\" \/>\n<meta property=\"og:url\" content=\"https:\/\/www.inmorooke.com\/es\/alquiler\/\" \/>\n<meta property=\"og:site_name\" content=\"Real Estate Agency in Mil Palmeras ROOKE\" \/>\n<meta property=\"article:modified_time\" content=\"2024-04-06T09:52:27+00:00\" \/>\n<meta name=\"twitter:card\" content=\"summary_large_image\" \/>\n<script type=\"application\/ld+json\" class=\"yoast-schema-graph\">{\"@context\":\"https:\/\/schema.org\",\"@graph\":[{\"@type\":\"WebPage\",\"@id\":\"https:\/\/www.inmorooke.com\/es\/alquiler\/\",\"url\":\"https:\/\/www.inmorooke.com\/es\/alquiler\/\",\"name\":\"Alquiler - Real Estate Agency in Mil Palmeras ROOKE\",\"isPartOf\":{\"@id\":\"https:\/\/www.inmorooke.com\/#website\"},\"datePublished\":\"2020-06-02T15:23:34+00:00\",\"dateModified\":\"2024-04-06T09:52:27+00:00\",\"description\":\"Descubre nuestra selecci\u00f3n de casas y apartamentos para alquilar en Mil Palmeras, Torre de la Horadada, Pilar de la Horadada y Campoamor, en la impresionante Costa Blanca. Desde acogedores apartamentos junto al mar hasta elegantes casas con vistas panor\u00e1micas, ofrecemos opciones para todos los gustos. Con un profundo conocimiento local y un enfoque centrado en el cliente, te ayudaremos a encontrar la propiedad de alquiler perfecta. Explora nuestras ofertas de alquiler y d\u00e9janos facilitarte la experiencia de encontrar tu hogar ideal en esta hermosa regi\u00f3n costera mediterr\u00e1nea.\",\"breadcrumb\":{\"@id\":\"https:\/\/www.inmorooke.com\/es\/alquiler\/#breadcrumb\"},\"inLanguage\":\"es\",\"potentialAction\":[{\"@type\":\"ReadAction\",\"target\":[\"https:\/\/www.inmorooke.com\/es\/alquiler\/\"]}]},{\"@type\":\"BreadcrumbList\",\"@id\":\"https:\/\/www.inmorooke.com\/es\/alquiler\/#breadcrumb\",\"itemListElement\":[{\"@type\":\"ListItem\",\"position\":1,\"name\":\"Home\",\"item\":\"https:\/\/www.inmorooke.com\/es\/\"},{\"@type\":\"ListItem\",\"position\":2,\"name\":\"Alquiler\"}]},{\"@type\":\"WebSite\",\"@id\":\"https:\/\/www.inmorooke.com\/#website\",\"url\":\"https:\/\/www.inmorooke.com\/\",\"name\":\"Real Estate Agency in Mil Palmeras ROOKE\",\"description\":\"Tu hogar al mejor precio\",\"publisher\":{\"@id\":\"https:\/\/www.inmorooke.com\/#organization\"},\"potentialAction\":[{\"@type\":\"SearchAction\",\"target\":{\"@type\":\"EntryPoint\",\"urlTemplate\":\"https:\/\/www.inmorooke.com\/?s={search_term_string}\"},\"query-input\":{\"@type\":\"PropertyValueSpecification\",\"valueRequired\":true,\"valueName\":\"search_term_string\"}}],\"inLanguage\":\"es\"},{\"@type\":\"Organization\",\"@id\":\"https:\/\/www.inmorooke.com\/#organization\",\"name\":\"Real Estate Agency in Mil Palmeras ROOKE\",\"url\":\"https:\/\/www.inmorooke.com\/\",\"logo\":{\"@type\":\"ImageObject\",\"inLanguage\":\"es\",\"@id\":\"https:\/\/www.inmorooke.com\/#\/schema\/logo\/image\/\",\"url\":\"https:\/\/www.inmorooke.com\/wp-content\/uploads\/2020\/02\/Logo-Rooke-blanco-e1581354757929.png\",\"contentUrl\":\"https:\/\/www.inmorooke.com\/wp-content\/uploads\/2020\/02\/Logo-Rooke-blanco-e1581354757929.png\",\"width\":300,\"height\":95,\"caption\":\"Real Estate Agency in Mil Palmeras ROOKE\"},\"image\":{\"@id\":\"https:\/\/www.inmorooke.com\/#\/schema\/logo\/image\/\"}}]}<\/script>\n<!-- \/ Yoast SEO plugin. -->","yoast_head_json":{"title":"Alquiler - Real Estate Agency in Mil Palmeras ROOKE","description":"Descubre nuestra selecci\u00f3n de casas y apartamentos para alquilar en Mil Palmeras, Torre de la Horadada, Pilar de la Horadada y Campoamor, en la impresionante Costa Blanca. Desde acogedores apartamentos junto al mar hasta elegantes casas con vistas panor\u00e1micas, ofrecemos opciones para todos los gustos. Con un profundo conocimiento local y un enfoque centrado en el cliente, te ayudaremos a encontrar la propiedad de alquiler perfecta. Explora nuestras ofertas de alquiler y d\u00e9janos facilitarte la experiencia de encontrar tu hogar ideal en esta hermosa regi\u00f3n costera mediterr\u00e1nea.","robots":{"index":"index","follow":"follow","max-snippet":"max-snippet:-1","max-image-preview":"max-image-preview:large","max-video-preview":"max-video-preview:-1"},"canonical":"https:\/\/www.inmorooke.com\/es\/alquiler\/","og_locale":"es_ES","og_type":"article","og_title":"Alquiler - Real Estate Agency in Mil Palmeras ROOKE","og_description":"Descubre nuestra selecci\u00f3n de casas y apartamentos para alquilar en Mil Palmeras, Torre de la Horadada, Pilar de la Horadada y Campoamor, en la impresionante Costa Blanca. Desde acogedores apartamentos junto al mar hasta elegantes casas con vistas panor\u00e1micas, ofrecemos opciones para todos los gustos. Con un profundo conocimiento local y un enfoque centrado en el cliente, te ayudaremos a encontrar la propiedad de alquiler perfecta. Explora nuestras ofertas de alquiler y d\u00e9janos facilitarte la experiencia de encontrar tu hogar ideal en esta hermosa regi\u00f3n costera mediterr\u00e1nea.","og_url":"https:\/\/www.inmorooke.com\/es\/alquiler\/","og_site_name":"Real Estate Agency in Mil Palmeras ROOKE","article_modified_time":"2024-04-06T09:52:27+00:00","twitter_card":"summary_large_image","schema":{"@context":"https:\/\/schema.org","@graph":[{"@type":"WebPage","@id":"https:\/\/www.inmorooke.com\/es\/alquiler\/","url":"https:\/\/www.inmorooke.com\/es\/alquiler\/","name":"Alquiler - Real Estate Agency in Mil Palmeras ROOKE","isPartOf":{"@id":"https:\/\/www.inmorooke.com\/#website"},"datePublished":"2020-06-02T15:23:34+00:00","dateModified":"2024-04-06T09:52:27+00:00","description":"Descubre nuestra selecci\u00f3n de casas y apartamentos para alquilar en Mil Palmeras, Torre de la Horadada, Pilar de la Horadada y Campoamor, en la impresionante Costa Blanca. Desde acogedores apartamentos junto al mar hasta elegantes casas con vistas panor\u00e1micas, ofrecemos opciones para todos los gustos. Con un profundo conocimiento local y un enfoque centrado en el cliente, te ayudaremos a encontrar la propiedad de alquiler perfecta. Explora nuestras ofertas de alquiler y d\u00e9janos facilitarte la experiencia de encontrar tu hogar ideal en esta hermosa regi\u00f3n costera mediterr\u00e1nea.","breadcrumb":{"@id":"https:\/\/www.inmorooke.com\/es\/alquiler\/#breadcrumb"},"inLanguage":"es","potentialAction":[{"@type":"ReadAction","target":["https:\/\/www.inmorooke.com\/es\/alquiler\/"]}]},{"@type":"BreadcrumbList","@id":"https:\/\/www.inmorooke.com\/es\/alquiler\/#breadcrumb","itemListElement":[{"@type":"ListItem","position":1,"name":"Home","item":"https:\/\/www.inmorooke.com\/es\/"},{"@type":"ListItem","position":2,"name":"Alquiler"}]},{"@type":"WebSite","@id":"https:\/\/www.inmorooke.com\/#website","url":"https:\/\/www.inmorooke.com\/","name":"Real Estate Agency in Mil Palmeras ROOKE","description":"Tu hogar al mejor precio","publisher":{"@id":"https:\/\/www.inmorooke.com\/#organization"},"potentialAction":[{"@type":"SearchAction","target":{"@type":"EntryPoint","urlTemplate":"https:\/\/www.inmorooke.com\/?s={search_term_string}"},"query-input":{"@type":"PropertyValueSpecification","valueRequired":true,"valueName":"search_term_string"}}],"inLanguage":"es"},{"@type":"Organization","@id":"https:\/\/www.inmorooke.com\/#organization","name":"Real Estate Agency in Mil Palmeras ROOKE","url":"https:\/\/www.inmorooke.com\/","logo":{"@type":"ImageObject","inLanguage":"es","@id":"https:\/\/www.inmorooke.com\/#\/schema\/logo\/image\/","url":"https:\/\/www.inmorooke.com\/wp-content\/uploads\/2020\/02\/Logo-Rooke-blanco-e1581354757929.png","contentUrl":"https:\/\/www.inmorooke.com\/wp-content\/uploads\/2020\/02\/Logo-Rooke-blanco-e1581354757929.png","width":300,"height":95,"caption":"Real Estate Agency in Mil Palmeras ROOKE"},"image":{"@id":"https:\/\/www.inmorooke.com\/#\/schema\/logo\/image\/"}}]}},"_links":{"self":[{"href":"https:\/\/www.inmorooke.com\/es\/wp-json\/wp\/v2\/pages\/5491","targetHints":{"allow":["GET"]}}],"collection":[{"href":"https:\/\/www.inmorooke.com\/es\/wp-json\/wp\/v2\/pages"}],"about":[{"href":"https:\/\/www.inmorooke.com\/es\/wp-json\/wp\/v2\/types\/page"}],"author":[{"embeddable":true,"href":"https:\/\/www.inmorooke.com\/es\/wp-json\/wp\/v2\/users\/3"}],"replies":[{"embeddable":true,"href":"https:\/\/www.inmorooke.com\/es\/wp-json\/wp\/v2\/comments?post=5491"}],"version-history":[{"count":5,"href":"https:\/\/www.inmorooke.com\/es\/wp-json\/wp\/v2\/pages\/5491\/revisions"}],"predecessor-version":[{"id":10183,"href":"https:\/\/www.inmorooke.com\/es\/wp-json\/wp\/v2\/pages\/5491\/revisions\/10183"}],"wp:attachment":[{"href":"https:\/\/www.inmorooke.com\/es\/wp-json\/wp\/v2\/media?parent=5491"}],"curies":[{"name":"wp","href":"https:\/\/api.w.org\/{rel}","templated":true}]}}