{"id":5489,"date":"2020-06-02T15:22:45","date_gmt":"2020-06-02T15:22:45","guid":{"rendered":"http:\/\/www.inmorooke.com\/vender\/"},"modified":"2025-06-26T22:17:10","modified_gmt":"2025-06-26T22:17:10","slug":"vender","status":"publish","type":"page","link":"https:\/\/www.inmorooke.com\/es\/vender\/","title":{"rendered":"Vender"},"content":{"rendered":"\t\t<div data-elementor-type=\"wp-page\" data-elementor-id=\"5489\" class=\"elementor elementor-5489 elementor-4925\">\n\t\t\t\t\t\t<section class=\"elementor-section elementor-top-section elementor-element elementor-element-9f71510 elementor-section-boxed elementor-section-height-default elementor-section-height-default\" data-id=\"9f71510\" data-element_type=\"section\" data-e-type=\"section\">\n\t\t\t\t\t\t<div class=\"elementor-container elementor-column-gap-default\">\n\t\t\t\t\t<div class=\"elementor-column elementor-col-100 elementor-top-column elementor-element elementor-element-052dbe7\" data-id=\"052dbe7\" data-element_type=\"column\" data-e-type=\"column\">\n\t\t\t<div class=\"elementor-widget-wrap elementor-element-populated\">\n\t\t\t\t\t\t<div class=\"elementor-element elementor-element-619ef12 elementor-widget elementor-widget-heading\" data-id=\"619ef12\" data-element_type=\"widget\" data-e-type=\"widget\" data-widget_type=\"heading.default\">\n\t\t\t\t<div class=\"elementor-widget-container\">\n\t\t\t\t\t<h1 class=\"elementor-heading-title elementor-size-default\">Vende tu casa<\/h1>\t\t\t\t<\/div>\n\t\t\t\t<\/div>\n\t\t\t\t\t<\/div>\n\t\t<\/div>\n\t\t\t\t\t<\/div>\n\t\t<\/section>\n\t\t\t\t<section class=\"elementor-section elementor-top-section elementor-element elementor-element-e48a9f8 elementor-section-boxed elementor-section-height-default elementor-section-height-default\" data-id=\"e48a9f8\" data-element_type=\"section\" data-e-type=\"section\">\n\t\t\t\t\t\t<div class=\"elementor-container elementor-column-gap-default\">\n\t\t\t\t\t<div class=\"elementor-column elementor-col-100 elementor-top-column elementor-element elementor-element-4d2cf39\" data-id=\"4d2cf39\" data-element_type=\"column\" data-e-type=\"column\">\n\t\t\t<div class=\"elementor-widget-wrap elementor-element-populated\">\n\t\t\t\t\t\t<div class=\"elementor-element elementor-element-ea3fac3 elementor-widget elementor-widget-heading\" data-id=\"ea3fac3\" data-element_type=\"widget\" data-e-type=\"widget\" data-widget_type=\"heading.default\">\n\t\t\t\t<div class=\"elementor-widget-container\">\n\t\t\t\t\t<h2 class=\"elementor-heading-title elementor-size-default\">\u00bfListo para dar el siguiente paso en la venta de tu casa? En Rooke te ayudamos a lograrlo de manera r\u00e1pida y efectiva. Nuestro equipo de expertos en el mercado inmobiliario est\u00e1 dedicado a brindarte un servicio personalizado y garantizarte los mejores resultados.<\/h2>\t\t\t\t<\/div>\n\t\t\t\t<\/div>\n\t\t\t\t<div class=\"elementor-element elementor-element-31ae932 elementor-widget elementor-widget-text-editor\" data-id=\"31ae932\" data-element_type=\"widget\" data-e-type=\"widget\" data-widget_type=\"text-editor.default\">\n\t\t\t\t<div class=\"elementor-widget-container\">\n\t\t\t\t\t\t\t\t\t<p>Desde la evaluaci\u00f3n gratuita de tu propiedad hasta la promoci\u00f3n estrat\u00e9gica y la negociaci\u00f3n eficiente, nos encargaremos de cada detalle para que puedas obtener el mejor precio en el menor tiempo posible. Conocemos el valor real de tu casa y sabemos c\u00f3mo presentarla de manera atractiva a los potenciales compradores.<\/p>\n<p>No pierdas m\u00e1s tiempo y aprovecha nuestra amplia red de contactos y nuestra experiencia en el sector inmobiliario. Estamos listos para trabajar en la venta de tu casa y maximizar tus beneficios.<\/p>\n\t\t\t\t\t\t\t\t<\/div>\n\t\t\t\t<\/div>\n\t\t\t\t<div class=\"elementor-element elementor-element-db8230a elementor-widget__width-inherit elementor-widget elementor-widget-heading\" data-id=\"db8230a\" data-element_type=\"widget\" data-e-type=\"widget\" data-widget_type=\"heading.default\">\n\t\t\t\t<div class=\"elementor-widget-container\">\n\t\t\t\t\t<h3 class=\"elementor-heading-title elementor-size-default\">Ll\u00e1manos al 96 532 00 24\/ 636 015 006 o escr\u00edbenos a <a href=\"mailto:oficina@inmorichardrooke.com\">oficina@inmorooke.com<\/a> y uno de nuestros agentes expertos te atender\u00e1 de inmediato.<\/h3>\t\t\t\t<\/div>\n\t\t\t\t<\/div>\n\t\t\t\t<div class=\"elementor-element elementor-element-511c671 elementor-widget elementor-widget-heading\" data-id=\"511c671\" data-element_type=\"widget\" data-e-type=\"widget\" data-widget_type=\"heading.default\">\n\t\t\t\t<div class=\"elementor-widget-container\">\n\t\t\t\t\t<h4 class=\"elementor-heading-title elementor-size-default\">\u00a1Es hora de vender tu casa con confianza y obtener los resultados que mereces!<\/h4>\t\t\t\t<\/div>\n\t\t\t\t<\/div>\n\t\t\t\t\t<\/div>\n\t\t<\/div>\n\t\t\t\t\t<\/div>\n\t\t<\/section>\n\t\t\t\t<\/div>\n\t\t","protected":false},"excerpt":{"rendered":"<p>Vende tu casa \u00bfListo para dar el siguiente paso en la venta de tu casa? En Rooke te ayudamos a lograrlo de manera r\u00e1pida y efectiva. Nuestro equipo de expertos en el mercado inmobiliario est\u00e1 dedicado a brindarte un servicio personalizado y garantizarte los mejores resultados. Desde la evaluaci\u00f3n gratuita de tu propiedad hasta la&#8230;<\/p>\n","protected":false},"author":3,"featured_media":0,"parent":0,"menu_order":0,"comment_status":"closed","ping_status":"closed","template":"templates\/full-width.php","meta":{"footnotes":""},"class_list":["post-5489","page","type-page","status-publish","hentry"],"yoast_head":"<!-- This site is optimized with the Yoast SEO plugin v27.2 - https:\/\/yoast.com\/product\/yoast-seo-wordpress\/ -->\n<title>Vender - Real Estate Agency in Mil Palmeras ROOKE<\/title>\n<meta name=\"robots\" content=\"index, follow, max-snippet:-1, max-image-preview:large, max-video-preview:-1\" \/>\n<link rel=\"canonical\" href=\"https:\/\/www.inmorooke.com\/es\/vender\/\" \/>\n<meta property=\"og:locale\" content=\"es_ES\" \/>\n<meta property=\"og:type\" content=\"article\" \/>\n<meta property=\"og:title\" content=\"Vender - Real Estate Agency in Mil Palmeras ROOKE\" \/>\n<meta property=\"og:description\" content=\"Vende tu casa \u00bfListo para dar el siguiente paso en la venta de tu casa? En Rooke te ayudamos a lograrlo de manera r\u00e1pida y efectiva. Nuestro equipo de expertos en el mercado inmobiliario est\u00e1 dedicado a brindarte un servicio personalizado y garantizarte los mejores resultados. Desde la evaluaci\u00f3n gratuita de tu propiedad hasta la...\" \/>\n<meta property=\"og:url\" content=\"https:\/\/www.inmorooke.com\/es\/vender\/\" \/>\n<meta property=\"og:site_name\" content=\"Real Estate Agency in Mil Palmeras ROOKE\" \/>\n<meta property=\"article:modified_time\" content=\"2025-06-26T22:17:10+00:00\" \/>\n<meta name=\"twitter:card\" content=\"summary_large_image\" \/>\n<meta name=\"twitter:label1\" content=\"Tiempo de lectura\" \/>\n\t<meta name=\"twitter:data1\" content=\"1 minuto\" \/>\n<script type=\"application\/ld+json\" class=\"yoast-schema-graph\">{\"@context\":\"https:\/\/schema.org\",\"@graph\":[{\"@type\":\"WebPage\",\"@id\":\"https:\/\/www.inmorooke.com\/es\/vender\/\",\"url\":\"https:\/\/www.inmorooke.com\/es\/vender\/\",\"name\":\"Vender - Real Estate Agency in Mil Palmeras ROOKE\",\"isPartOf\":{\"@id\":\"https:\/\/www.inmorooke.com\/#website\"},\"datePublished\":\"2020-06-02T15:22:45+00:00\",\"dateModified\":\"2025-06-26T22:17:10+00:00\",\"breadcrumb\":{\"@id\":\"https:\/\/www.inmorooke.com\/es\/vender\/#breadcrumb\"},\"inLanguage\":\"es\",\"potentialAction\":[{\"@type\":\"ReadAction\",\"target\":[\"https:\/\/www.inmorooke.com\/es\/vender\/\"]}]},{\"@type\":\"BreadcrumbList\",\"@id\":\"https:\/\/www.inmorooke.com\/es\/vender\/#breadcrumb\",\"itemListElement\":[{\"@type\":\"ListItem\",\"position\":1,\"name\":\"Home\",\"item\":\"https:\/\/www.inmorooke.com\/es\/\"},{\"@type\":\"ListItem\",\"position\":2,\"name\":\"Vender\"}]},{\"@type\":\"WebSite\",\"@id\":\"https:\/\/www.inmorooke.com\/#website\",\"url\":\"https:\/\/www.inmorooke.com\/\",\"name\":\"Real Estate Agency in Mil Palmeras ROOKE\",\"description\":\"Tu hogar al mejor precio\",\"publisher\":{\"@id\":\"https:\/\/www.inmorooke.com\/#organization\"},\"potentialAction\":[{\"@type\":\"SearchAction\",\"target\":{\"@type\":\"EntryPoint\",\"urlTemplate\":\"https:\/\/www.inmorooke.com\/?s={search_term_string}\"},\"query-input\":{\"@type\":\"PropertyValueSpecification\",\"valueRequired\":true,\"valueName\":\"search_term_string\"}}],\"inLanguage\":\"es\"},{\"@type\":\"Organization\",\"@id\":\"https:\/\/www.inmorooke.com\/#organization\",\"name\":\"Real Estate Agency in Mil Palmeras ROOKE\",\"url\":\"https:\/\/www.inmorooke.com\/\",\"logo\":{\"@type\":\"ImageObject\",\"inLanguage\":\"es\",\"@id\":\"https:\/\/www.inmorooke.com\/#\/schema\/logo\/image\/\",\"url\":\"https:\/\/www.inmorooke.com\/wp-content\/uploads\/2020\/02\/Logo-Rooke-blanco-e1581354757929.png\",\"contentUrl\":\"https:\/\/www.inmorooke.com\/wp-content\/uploads\/2020\/02\/Logo-Rooke-blanco-e1581354757929.png\",\"width\":300,\"height\":95,\"caption\":\"Real Estate Agency in Mil Palmeras ROOKE\"},\"image\":{\"@id\":\"https:\/\/www.inmorooke.com\/#\/schema\/logo\/image\/\"}}]}<\/script>\n<!-- \/ Yoast SEO plugin. -->","yoast_head_json":{"title":"Vender - Real Estate Agency in Mil Palmeras ROOKE","robots":{"index":"index","follow":"follow","max-snippet":"max-snippet:-1","max-image-preview":"max-image-preview:large","max-video-preview":"max-video-preview:-1"},"canonical":"https:\/\/www.inmorooke.com\/es\/vender\/","og_locale":"es_ES","og_type":"article","og_title":"Vender - Real Estate Agency in Mil Palmeras ROOKE","og_description":"Vende tu casa \u00bfListo para dar el siguiente paso en la venta de tu casa? En Rooke te ayudamos a lograrlo de manera r\u00e1pida y efectiva. Nuestro equipo de expertos en el mercado inmobiliario est\u00e1 dedicado a brindarte un servicio personalizado y garantizarte los mejores resultados. Desde la evaluaci\u00f3n gratuita de tu propiedad hasta la...","og_url":"https:\/\/www.inmorooke.com\/es\/vender\/","og_site_name":"Real Estate Agency in Mil Palmeras ROOKE","article_modified_time":"2025-06-26T22:17:10+00:00","twitter_card":"summary_large_image","twitter_misc":{"Tiempo de lectura":"1 minuto"},"schema":{"@context":"https:\/\/schema.org","@graph":[{"@type":"WebPage","@id":"https:\/\/www.inmorooke.com\/es\/vender\/","url":"https:\/\/www.inmorooke.com\/es\/vender\/","name":"Vender - Real Estate Agency in Mil Palmeras ROOKE","isPartOf":{"@id":"https:\/\/www.inmorooke.com\/#website"},"datePublished":"2020-06-02T15:22:45+00:00","dateModified":"2025-06-26T22:17:10+00:00","breadcrumb":{"@id":"https:\/\/www.inmorooke.com\/es\/vender\/#breadcrumb"},"inLanguage":"es","potentialAction":[{"@type":"ReadAction","target":["https:\/\/www.inmorooke.com\/es\/vender\/"]}]},{"@type":"BreadcrumbList","@id":"https:\/\/www.inmorooke.com\/es\/vender\/#breadcrumb","itemListElement":[{"@type":"ListItem","position":1,"name":"Home","item":"https:\/\/www.inmorooke.com\/es\/"},{"@type":"ListItem","position":2,"name":"Vender"}]},{"@type":"WebSite","@id":"https:\/\/www.inmorooke.com\/#website","url":"https:\/\/www.inmorooke.com\/","name":"Real Estate Agency in Mil Palmeras ROOKE","description":"Tu hogar al mejor precio","publisher":{"@id":"https:\/\/www.inmorooke.com\/#organization"},"potentialAction":[{"@type":"SearchAction","target":{"@type":"EntryPoint","urlTemplate":"https:\/\/www.inmorooke.com\/?s={search_term_string}"},"query-input":{"@type":"PropertyValueSpecification","valueRequired":true,"valueName":"search_term_string"}}],"inLanguage":"es"},{"@type":"Organization","@id":"https:\/\/www.inmorooke.com\/#organization","name":"Real Estate Agency in Mil Palmeras ROOKE","url":"https:\/\/www.inmorooke.com\/","logo":{"@type":"ImageObject","inLanguage":"es","@id":"https:\/\/www.inmorooke.com\/#\/schema\/logo\/image\/","url":"https:\/\/www.inmorooke.com\/wp-content\/uploads\/2020\/02\/Logo-Rooke-blanco-e1581354757929.png","contentUrl":"https:\/\/www.inmorooke.com\/wp-content\/uploads\/2020\/02\/Logo-Rooke-blanco-e1581354757929.png","width":300,"height":95,"caption":"Real Estate Agency in Mil Palmeras ROOKE"},"image":{"@id":"https:\/\/www.inmorooke.com\/#\/schema\/logo\/image\/"}}]}},"_links":{"self":[{"href":"https:\/\/www.inmorooke.com\/es\/wp-json\/wp\/v2\/pages\/5489","targetHints":{"allow":["GET"]}}],"collection":[{"href":"https:\/\/www.inmorooke.com\/es\/wp-json\/wp\/v2\/pages"}],"about":[{"href":"https:\/\/www.inmorooke.com\/es\/wp-json\/wp\/v2\/types\/page"}],"author":[{"embeddable":true,"href":"https:\/\/www.inmorooke.com\/es\/wp-json\/wp\/v2\/users\/3"}],"replies":[{"embeddable":true,"href":"https:\/\/www.inmorooke.com\/es\/wp-json\/wp\/v2\/comments?post=5489"}],"version-history":[{"count":9,"href":"https:\/\/www.inmorooke.com\/es\/wp-json\/wp\/v2\/pages\/5489\/revisions"}],"predecessor-version":[{"id":9501,"href":"https:\/\/www.inmorooke.com\/es\/wp-json\/wp\/v2\/pages\/5489\/revisions\/9501"}],"wp:attachment":[{"href":"https:\/\/www.inmorooke.com\/es\/wp-json\/wp\/v2\/media?parent=5489"}],"curies":[{"name":"wp","href":"https:\/\/api.w.org\/{rel}","templated":true}]}}