{"id":4966,"date":"2020-02-21T18:12:28","date_gmt":"2020-02-21T18:12:28","guid":{"rendered":"http:\/\/www.inmorooke.com\/about\/"},"modified":"2025-06-26T22:18:11","modified_gmt":"2025-06-26T22:18:11","slug":"nosotros","status":"publish","type":"page","link":"https:\/\/www.inmorooke.com\/es\/nosotros\/","title":{"rendered":"Nosotros"},"content":{"rendered":"\t\t<div data-elementor-type=\"wp-page\" data-elementor-id=\"4966\" class=\"elementor elementor-4966 elementor-4959\">\n\t\t\t\t\t\t<section class=\"elementor-section elementor-top-section elementor-element elementor-element-ed9b397 elementor-section-boxed elementor-section-height-default elementor-section-height-default\" data-id=\"ed9b397\" data-element_type=\"section\" data-e-type=\"section\">\n\t\t\t\t\t\t<div class=\"elementor-container elementor-column-gap-default\">\n\t\t\t\t\t<div class=\"elementor-column elementor-col-50 elementor-top-column elementor-element elementor-element-be95420\" data-id=\"be95420\" data-element_type=\"column\" data-e-type=\"column\">\n\t\t\t<div class=\"elementor-widget-wrap elementor-element-populated\">\n\t\t\t\t\t\t<div class=\"elementor-element elementor-element-5219fd7 elementor-widget elementor-widget-heading\" data-id=\"5219fd7\" data-element_type=\"widget\" data-e-type=\"widget\" data-widget_type=\"heading.default\">\n\t\t\t\t<div class=\"elementor-widget-container\">\n\t\t\t\t\t<h1 class=\"elementor-heading-title elementor-size-large\">Esta es nuestra historia, para que nos conozcas un poco mejor.<\/h1>\t\t\t\t<\/div>\n\t\t\t\t<\/div>\n\t\t\t\t<div class=\"elementor-element elementor-element-93cfffa elementor-widget elementor-widget-image\" data-id=\"93cfffa\" data-element_type=\"widget\" data-e-type=\"widget\" data-widget_type=\"image.default\">\n\t\t\t\t<div class=\"elementor-widget-container\">\n\t\t\t\t\t\t\t\t\t\t\t\t\t\t\t<img fetchpriority=\"high\" decoding=\"async\" width=\"1024\" height=\"769\" src=\"https:\/\/www.inmorooke.com\/wp-content\/uploads\/2020\/06\/about-us-1024x769.jpg\" class=\"attachment-large size-large wp-image-5451\" alt=\"\" srcset=\"https:\/\/www.inmorooke.com\/wp-content\/uploads\/2020\/06\/about-us-1024x769.jpg 1024w, https:\/\/www.inmorooke.com\/wp-content\/uploads\/2020\/06\/about-us-300x225.jpg 300w, https:\/\/www.inmorooke.com\/wp-content\/uploads\/2020\/06\/about-us-768x577.jpg 768w, https:\/\/www.inmorooke.com\/wp-content\/uploads\/2020\/06\/about-us-1536x1153.jpg 1536w, https:\/\/www.inmorooke.com\/wp-content\/uploads\/2020\/06\/about-us-2048x1538.jpg 2048w, https:\/\/www.inmorooke.com\/wp-content\/uploads\/2020\/06\/about-us-150x113.jpg 150w, https:\/\/www.inmorooke.com\/wp-content\/uploads\/2020\/06\/about-us-680x510.jpg 680w, https:\/\/www.inmorooke.com\/wp-content\/uploads\/2020\/06\/about-us-400x300.jpg 400w, https:\/\/www.inmorooke.com\/wp-content\/uploads\/2020\/06\/about-us-scaled.jpg 1600w\" sizes=\"(max-width: 1024px) 100vw, 1024px\" \/>\t\t\t\t\t\t\t\t\t\t\t\t\t\t\t<\/div>\n\t\t\t\t<\/div>\n\t\t\t\t\t<\/div>\n\t\t<\/div>\n\t\t\t\t<div class=\"elementor-column elementor-col-50 elementor-top-column elementor-element elementor-element-b53ba1c\" data-id=\"b53ba1c\" data-element_type=\"column\" data-e-type=\"column\">\n\t\t\t<div class=\"elementor-widget-wrap elementor-element-populated\">\n\t\t\t\t\t\t<div class=\"elementor-element elementor-element-f24e35f elementor-widget elementor-widget-text-editor\" data-id=\"f24e35f\" data-element_type=\"widget\" data-e-type=\"widget\" data-widget_type=\"text-editor.default\">\n\t\t\t\t<div class=\"elementor-widget-container\">\n\t\t\t\t\t\t\t\t\t<p>Inmobiliaria <strong>Rooke<\/strong>&nbsp;cuenta con m\u00e1s de <strong>30 a\u00f1os de experiencia<\/strong> en el mercado inmobiliario, <strong>tanto en venta como alquiler<\/strong>.&nbsp;<\/p>\n<p>Ofrecemos una amplia selecci\u00f3n de propiedades de todo tipo en la <strong>Costa Blanca<\/strong><span style=\"font-weight: inherit; font-family: Rubik, sans-serif;\">, ya sean apartamentos, d\u00faplex, chalets, estudios, etc., en las mejores ubicaciones, cerca de la playa, en campos de golf, puertos deportivos o cualquier otro lugar. Nuestros precios se adaptan a la mayor\u00eda de los bolsillos, ya sea para vacaciones, jubilaci\u00f3n, inversi\u00f3n, fines privados o corporativos.<\/span><\/p>\n<p>Brindamos un seguimiento integral durante todo el proceso de compra: selecci\u00f3n de propiedades, contratos, b\u00fasquedas, firma de escrituras, traducciones, requisitos legales y fiscales, registro de propiedad, cuentas bancarias, servicio postventa, etc.<\/p>\n<p><strong>Nuestro objetivo es ofrecer el mejor servicio y transparencia en todas nuestras gestiones.<\/strong> En Rooke nos esforzamos por superar las expectativas y hacer que la experiencia de compra o venta de una propiedad sea fluida y placentera.<\/p>\t\t\t\t\t\t\t\t<\/div>\n\t\t\t\t<\/div>\n\t\t\t\t\t<\/div>\n\t\t<\/div>\n\t\t\t\t\t<\/div>\n\t\t<\/section>\n\t\t\t\t<section class=\"elementor-section elementor-top-section elementor-element elementor-element-58a8022 elementor-section-boxed elementor-section-height-default elementor-section-height-default\" data-id=\"58a8022\" data-element_type=\"section\" data-e-type=\"section\">\n\t\t\t\t\t\t<div class=\"elementor-container elementor-column-gap-default\">\n\t\t\t\t\t<div class=\"elementor-column elementor-col-33 elementor-top-column elementor-element elementor-element-4665be1\" data-id=\"4665be1\" data-element_type=\"column\" data-e-type=\"column\">\n\t\t\t<div class=\"elementor-widget-wrap elementor-element-populated\">\n\t\t\t\t\t\t<div class=\"elementor-element elementor-element-c9a30f6 elementor-widget elementor-widget-heading\" data-id=\"c9a30f6\" data-element_type=\"widget\" data-e-type=\"widget\" data-widget_type=\"heading.default\">\n\t\t\t\t<div class=\"elementor-widget-container\">\n\t\t\t\t\t<h2 class=\"elementor-heading-title elementor-size-default\">Estamos en la <\/br>\nCosta Blanca<\/h2>\t\t\t\t<\/div>\n\t\t\t\t<\/div>\n\t\t\t\t\t<\/div>\n\t\t<\/div>\n\t\t\t\t<div class=\"elementor-column elementor-col-33 elementor-top-column elementor-element elementor-element-d318d79\" data-id=\"d318d79\" data-element_type=\"column\" data-e-type=\"column\">\n\t\t\t<div class=\"elementor-widget-wrap elementor-element-populated\">\n\t\t\t\t\t\t<div class=\"elementor-element elementor-element-10084d6 elementor-widget elementor-widget-heading\" data-id=\"10084d6\" data-element_type=\"widget\" data-e-type=\"widget\" data-widget_type=\"heading.default\">\n\t\t\t\t<div class=\"elementor-widget-container\">\n\t\t\t\t\t<h2 class=\"elementor-heading-title elementor-size-default\"><h2 class=\"elementor-heading-title elementor-size-default elementor-inline-editing pen\" data-elementor-setting-key=\"title\" data-pen-placeholder=\"Teclea aqu\u00ed...\">M\u00e1s de<\/br> 30 a\u00f1os de <\/br>experiencia<\/h2><\/h2>\t\t\t\t<\/div>\n\t\t\t\t<\/div>\n\t\t\t\t\t<\/div>\n\t\t<\/div>\n\t\t\t\t<div class=\"elementor-column elementor-col-33 elementor-top-column elementor-element elementor-element-aaa9327\" data-id=\"aaa9327\" data-element_type=\"column\" data-e-type=\"column\">\n\t\t\t<div class=\"elementor-widget-wrap elementor-element-populated\">\n\t\t\t\t\t\t<div class=\"elementor-element elementor-element-430ca7a elementor-widget elementor-widget-heading\" data-id=\"430ca7a\" data-element_type=\"widget\" data-e-type=\"widget\" data-widget_type=\"heading.default\">\n\t\t\t\t<div class=\"elementor-widget-container\">\n\t\t\t\t\t<h2 class=\"elementor-heading-title elementor-size-default\">Venta y Alquiler<\/h2>\t\t\t\t<\/div>\n\t\t\t\t<\/div>\n\t\t\t\t\t<\/div>\n\t\t<\/div>\n\t\t\t\t\t<\/div>\n\t\t<\/section>\n\t\t\t\t<section class=\"elementor-section elementor-top-section elementor-element elementor-element-8000b3a elementor-section-boxed elementor-section-height-default elementor-section-height-default\" data-id=\"8000b3a\" data-element_type=\"section\" data-e-type=\"section\">\n\t\t\t\t\t\t<div class=\"elementor-container elementor-column-gap-default\">\n\t\t\t\t\t<div class=\"elementor-column elementor-col-100 elementor-top-column elementor-element elementor-element-425a096\" data-id=\"425a096\" data-element_type=\"column\" data-e-type=\"column\">\n\t\t\t<div class=\"elementor-widget-wrap elementor-element-populated\">\n\t\t\t\t\t\t<div class=\"elementor-element elementor-element-04aeff8 elementor-widget__width-inherit elementor-widget elementor-widget-heading\" data-id=\"04aeff8\" data-element_type=\"widget\" data-e-type=\"widget\" data-widget_type=\"heading.default\">\n\t\t\t\t<div class=\"elementor-widget-container\">\n\t\t\t\t\t<h3 class=\"elementor-heading-title elementor-size-default\">Cont\u00e1ctanos hoy mismo al <strong>96 532 00 24<\/strong> \/ <strong>636 015 006<\/strong> o <a href=\"mailto:oficina@inmorichardrooke.com\">oficina@inmorooke.com<\/a> para descubrir c\u00f3mo podemos ayudarte.\nPerm\u00edtenos hacer realidad tus sue\u00f1os inmobiliarios.<\/h3>\t\t\t\t<\/div>\n\t\t\t\t<\/div>\n\t\t\t\t\t<\/div>\n\t\t<\/div>\n\t\t\t\t\t<\/div>\n\t\t<\/section>\n\t\t\t\t<\/div>\n\t\t","protected":false},"excerpt":{"rendered":"<p>Esta es nuestra historia, para que nos conozcas un poco mejor. Inmobiliaria Rooke&nbsp;cuenta con m\u00e1s de 30 a\u00f1os de experiencia en el mercado inmobiliario, tanto en venta como alquiler.&nbsp; Ofrecemos una amplia selecci\u00f3n de propiedades de todo tipo en la Costa Blanca, ya sean apartamentos, d\u00faplex, chalets, estudios, etc., en las mejores ubicaciones, cerca de&#8230;<\/p>\n","protected":false},"author":3,"featured_media":0,"parent":0,"menu_order":0,"comment_status":"closed","ping_status":"closed","template":"templates\/full-width.php","meta":{"footnotes":""},"class_list":["post-4966","page","type-page","status-publish","hentry"],"yoast_head":"<!-- This site is optimized with the Yoast SEO plugin v27.2 - https:\/\/yoast.com\/product\/yoast-seo-wordpress\/ -->\n<title>Nosotros - Real Estate Agency in Mil Palmeras ROOKE<\/title>\n<meta name=\"robots\" content=\"index, follow, max-snippet:-1, max-image-preview:large, max-video-preview:-1\" \/>\n<link rel=\"canonical\" href=\"https:\/\/www.inmorooke.com\/es\/nosotros\/\" \/>\n<meta property=\"og:locale\" content=\"es_ES\" \/>\n<meta property=\"og:type\" content=\"article\" \/>\n<meta property=\"og:title\" content=\"Nosotros - Real Estate Agency in Mil Palmeras ROOKE\" \/>\n<meta property=\"og:description\" content=\"Esta es nuestra historia, para que nos conozcas un poco mejor. Inmobiliaria Rooke&nbsp;cuenta con m\u00e1s de 30 a\u00f1os de experiencia en el mercado inmobiliario, tanto en venta como alquiler.&nbsp; Ofrecemos una amplia selecci\u00f3n de propiedades de todo tipo en la Costa Blanca, ya sean apartamentos, d\u00faplex, chalets, estudios, etc., en las mejores ubicaciones, cerca de...\" \/>\n<meta property=\"og:url\" content=\"https:\/\/www.inmorooke.com\/es\/nosotros\/\" \/>\n<meta property=\"og:site_name\" content=\"Real Estate Agency in Mil Palmeras ROOKE\" \/>\n<meta property=\"article:modified_time\" content=\"2025-06-26T22:18:11+00:00\" \/>\n<meta property=\"og:image\" content=\"https:\/\/www.inmorooke.com\/wp-content\/uploads\/2020\/06\/about-us-1024x769.jpg\" \/>\n<meta name=\"twitter:card\" content=\"summary_large_image\" \/>\n<meta name=\"twitter:label1\" content=\"Tiempo de lectura\" \/>\n\t<meta name=\"twitter:data1\" content=\"1 minuto\" \/>\n<script type=\"application\/ld+json\" class=\"yoast-schema-graph\">{\"@context\":\"https:\/\/schema.org\",\"@graph\":[{\"@type\":\"WebPage\",\"@id\":\"https:\/\/www.inmorooke.com\/es\/nosotros\/\",\"url\":\"https:\/\/www.inmorooke.com\/es\/nosotros\/\",\"name\":\"Nosotros - Real Estate Agency in Mil Palmeras ROOKE\",\"isPartOf\":{\"@id\":\"https:\/\/www.inmorooke.com\/#website\"},\"primaryImageOfPage\":{\"@id\":\"https:\/\/www.inmorooke.com\/es\/nosotros\/#primaryimage\"},\"image\":{\"@id\":\"https:\/\/www.inmorooke.com\/es\/nosotros\/#primaryimage\"},\"thumbnailUrl\":\"https:\/\/www.inmorooke.com\/wp-content\/uploads\/2020\/06\/about-us-1024x769.jpg\",\"datePublished\":\"2020-02-21T18:12:28+00:00\",\"dateModified\":\"2025-06-26T22:18:11+00:00\",\"breadcrumb\":{\"@id\":\"https:\/\/www.inmorooke.com\/es\/nosotros\/#breadcrumb\"},\"inLanguage\":\"es\",\"potentialAction\":[{\"@type\":\"ReadAction\",\"target\":[\"https:\/\/www.inmorooke.com\/es\/nosotros\/\"]}]},{\"@type\":\"ImageObject\",\"inLanguage\":\"es\",\"@id\":\"https:\/\/www.inmorooke.com\/es\/nosotros\/#primaryimage\",\"url\":\"https:\/\/www.inmorooke.com\/wp-content\/uploads\/2020\/06\/about-us-1024x769.jpg\",\"contentUrl\":\"https:\/\/www.inmorooke.com\/wp-content\/uploads\/2020\/06\/about-us-1024x769.jpg\"},{\"@type\":\"BreadcrumbList\",\"@id\":\"https:\/\/www.inmorooke.com\/es\/nosotros\/#breadcrumb\",\"itemListElement\":[{\"@type\":\"ListItem\",\"position\":1,\"name\":\"Home\",\"item\":\"https:\/\/www.inmorooke.com\/es\/\"},{\"@type\":\"ListItem\",\"position\":2,\"name\":\"Nosotros\"}]},{\"@type\":\"WebSite\",\"@id\":\"https:\/\/www.inmorooke.com\/#website\",\"url\":\"https:\/\/www.inmorooke.com\/\",\"name\":\"Real Estate Agency in Mil Palmeras ROOKE\",\"description\":\"Tu hogar al mejor precio\",\"publisher\":{\"@id\":\"https:\/\/www.inmorooke.com\/#organization\"},\"potentialAction\":[{\"@type\":\"SearchAction\",\"target\":{\"@type\":\"EntryPoint\",\"urlTemplate\":\"https:\/\/www.inmorooke.com\/?s={search_term_string}\"},\"query-input\":{\"@type\":\"PropertyValueSpecification\",\"valueRequired\":true,\"valueName\":\"search_term_string\"}}],\"inLanguage\":\"es\"},{\"@type\":\"Organization\",\"@id\":\"https:\/\/www.inmorooke.com\/#organization\",\"name\":\"Real Estate Agency in Mil Palmeras ROOKE\",\"url\":\"https:\/\/www.inmorooke.com\/\",\"logo\":{\"@type\":\"ImageObject\",\"inLanguage\":\"es\",\"@id\":\"https:\/\/www.inmorooke.com\/#\/schema\/logo\/image\/\",\"url\":\"https:\/\/www.inmorooke.com\/wp-content\/uploads\/2020\/02\/Logo-Rooke-blanco-e1581354757929.png\",\"contentUrl\":\"https:\/\/www.inmorooke.com\/wp-content\/uploads\/2020\/02\/Logo-Rooke-blanco-e1581354757929.png\",\"width\":300,\"height\":95,\"caption\":\"Real Estate Agency in Mil Palmeras ROOKE\"},\"image\":{\"@id\":\"https:\/\/www.inmorooke.com\/#\/schema\/logo\/image\/\"}}]}<\/script>\n<!-- \/ Yoast SEO plugin. -->","yoast_head_json":{"title":"Nosotros - Real Estate Agency in Mil Palmeras ROOKE","robots":{"index":"index","follow":"follow","max-snippet":"max-snippet:-1","max-image-preview":"max-image-preview:large","max-video-preview":"max-video-preview:-1"},"canonical":"https:\/\/www.inmorooke.com\/es\/nosotros\/","og_locale":"es_ES","og_type":"article","og_title":"Nosotros - Real Estate Agency in Mil Palmeras ROOKE","og_description":"Esta es nuestra historia, para que nos conozcas un poco mejor. Inmobiliaria Rooke&nbsp;cuenta con m\u00e1s de 30 a\u00f1os de experiencia en el mercado inmobiliario, tanto en venta como alquiler.&nbsp; Ofrecemos una amplia selecci\u00f3n de propiedades de todo tipo en la Costa Blanca, ya sean apartamentos, d\u00faplex, chalets, estudios, etc., en las mejores ubicaciones, cerca de...","og_url":"https:\/\/www.inmorooke.com\/es\/nosotros\/","og_site_name":"Real Estate Agency in Mil Palmeras ROOKE","article_modified_time":"2025-06-26T22:18:11+00:00","og_image":[{"url":"https:\/\/www.inmorooke.com\/wp-content\/uploads\/2020\/06\/about-us-1024x769.jpg","type":"","width":"","height":""}],"twitter_card":"summary_large_image","twitter_misc":{"Tiempo de lectura":"1 minuto"},"schema":{"@context":"https:\/\/schema.org","@graph":[{"@type":"WebPage","@id":"https:\/\/www.inmorooke.com\/es\/nosotros\/","url":"https:\/\/www.inmorooke.com\/es\/nosotros\/","name":"Nosotros - Real Estate Agency in Mil Palmeras ROOKE","isPartOf":{"@id":"https:\/\/www.inmorooke.com\/#website"},"primaryImageOfPage":{"@id":"https:\/\/www.inmorooke.com\/es\/nosotros\/#primaryimage"},"image":{"@id":"https:\/\/www.inmorooke.com\/es\/nosotros\/#primaryimage"},"thumbnailUrl":"https:\/\/www.inmorooke.com\/wp-content\/uploads\/2020\/06\/about-us-1024x769.jpg","datePublished":"2020-02-21T18:12:28+00:00","dateModified":"2025-06-26T22:18:11+00:00","breadcrumb":{"@id":"https:\/\/www.inmorooke.com\/es\/nosotros\/#breadcrumb"},"inLanguage":"es","potentialAction":[{"@type":"ReadAction","target":["https:\/\/www.inmorooke.com\/es\/nosotros\/"]}]},{"@type":"ImageObject","inLanguage":"es","@id":"https:\/\/www.inmorooke.com\/es\/nosotros\/#primaryimage","url":"https:\/\/www.inmorooke.com\/wp-content\/uploads\/2020\/06\/about-us-1024x769.jpg","contentUrl":"https:\/\/www.inmorooke.com\/wp-content\/uploads\/2020\/06\/about-us-1024x769.jpg"},{"@type":"BreadcrumbList","@id":"https:\/\/www.inmorooke.com\/es\/nosotros\/#breadcrumb","itemListElement":[{"@type":"ListItem","position":1,"name":"Home","item":"https:\/\/www.inmorooke.com\/es\/"},{"@type":"ListItem","position":2,"name":"Nosotros"}]},{"@type":"WebSite","@id":"https:\/\/www.inmorooke.com\/#website","url":"https:\/\/www.inmorooke.com\/","name":"Real Estate Agency in Mil Palmeras ROOKE","description":"Tu hogar al mejor precio","publisher":{"@id":"https:\/\/www.inmorooke.com\/#organization"},"potentialAction":[{"@type":"SearchAction","target":{"@type":"EntryPoint","urlTemplate":"https:\/\/www.inmorooke.com\/?s={search_term_string}"},"query-input":{"@type":"PropertyValueSpecification","valueRequired":true,"valueName":"search_term_string"}}],"inLanguage":"es"},{"@type":"Organization","@id":"https:\/\/www.inmorooke.com\/#organization","name":"Real Estate Agency in Mil Palmeras ROOKE","url":"https:\/\/www.inmorooke.com\/","logo":{"@type":"ImageObject","inLanguage":"es","@id":"https:\/\/www.inmorooke.com\/#\/schema\/logo\/image\/","url":"https:\/\/www.inmorooke.com\/wp-content\/uploads\/2020\/02\/Logo-Rooke-blanco-e1581354757929.png","contentUrl":"https:\/\/www.inmorooke.com\/wp-content\/uploads\/2020\/02\/Logo-Rooke-blanco-e1581354757929.png","width":300,"height":95,"caption":"Real Estate Agency in Mil Palmeras ROOKE"},"image":{"@id":"https:\/\/www.inmorooke.com\/#\/schema\/logo\/image\/"}}]}},"_links":{"self":[{"href":"https:\/\/www.inmorooke.com\/es\/wp-json\/wp\/v2\/pages\/4966","targetHints":{"allow":["GET"]}}],"collection":[{"href":"https:\/\/www.inmorooke.com\/es\/wp-json\/wp\/v2\/pages"}],"about":[{"href":"https:\/\/www.inmorooke.com\/es\/wp-json\/wp\/v2\/types\/page"}],"author":[{"embeddable":true,"href":"https:\/\/www.inmorooke.com\/es\/wp-json\/wp\/v2\/users\/3"}],"replies":[{"embeddable":true,"href":"https:\/\/www.inmorooke.com\/es\/wp-json\/wp\/v2\/comments?post=4966"}],"version-history":[{"count":53,"href":"https:\/\/www.inmorooke.com\/es\/wp-json\/wp\/v2\/pages\/4966\/revisions"}],"predecessor-version":[{"id":11160,"href":"https:\/\/www.inmorooke.com\/es\/wp-json\/wp\/v2\/pages\/4966\/revisions\/11160"}],"wp:attachment":[{"href":"https:\/\/www.inmorooke.com\/es\/wp-json\/wp\/v2\/media?parent=4966"}],"curies":[{"name":"wp","href":"https:\/\/api.w.org\/{rel}","templated":true}]}}