{"id":4941,"date":"2020-02-20T18:12:54","date_gmt":"2020-02-20T18:12:54","guid":{"rendered":"http:\/\/www.inmorooke.com\/?page_id=4941"},"modified":"2024-09-13T11:04:16","modified_gmt":"2024-09-13T11:04:16","slug":"contacto","status":"publish","type":"page","link":"https:\/\/www.inmorooke.com\/es\/contacto\/","title":{"rendered":"Contacto"},"content":{"rendered":"\t\t<div data-elementor-type=\"wp-page\" data-elementor-id=\"4941\" class=\"elementor elementor-4941 elementor-4895\">\n\t\t\t\t\t\t<section class=\"elementor-section elementor-top-section elementor-element elementor-element-2a0ac72 elementor-section-full_width elementor-section-height-default elementor-section-height-default\" data-id=\"2a0ac72\" data-element_type=\"section\" data-e-type=\"section\">\n\t\t\t\t\t\t<div class=\"elementor-container elementor-column-gap-default\">\n\t\t\t\t\t<div class=\"elementor-column elementor-col-100 elementor-top-column elementor-element elementor-element-f7f2633\" data-id=\"f7f2633\" data-element_type=\"column\" data-e-type=\"column\">\n\t\t\t<div class=\"elementor-widget-wrap elementor-element-populated\">\n\t\t\t\t\t\t<div class=\"elementor-element elementor-element-8ef8721 elementor-widget elementor-widget-heading\" data-id=\"8ef8721\" data-element_type=\"widget\" data-e-type=\"widget\" data-widget_type=\"heading.default\">\n\t\t\t\t<div class=\"elementor-widget-container\">\n\t\t\t\t\t<h1 class=\"elementor-heading-title elementor-size-default\">Contacto<\/h1>\t\t\t\t<\/div>\n\t\t\t\t<\/div>\n\t\t\t\t\t<\/div>\n\t\t<\/div>\n\t\t\t\t\t<\/div>\n\t\t<\/section>\n\t\t\t\t<section class=\"elementor-section elementor-top-section elementor-element elementor-element-6675772 elementor-section-full_width elementor-section-height-default elementor-section-height-default\" data-id=\"6675772\" data-element_type=\"section\" data-e-type=\"section\">\n\t\t\t\t\t\t<div class=\"elementor-container elementor-column-gap-default\">\n\t\t\t\t\t<div class=\"elementor-column elementor-col-50 elementor-top-column elementor-element elementor-element-543092a\" data-id=\"543092a\" data-element_type=\"column\" data-e-type=\"column\">\n\t\t\t<div class=\"elementor-widget-wrap elementor-element-populated\">\n\t\t\t\t\t\t<div class=\"elementor-element elementor-element-721d8ed elementor-widget elementor-widget-heading\" data-id=\"721d8ed\" data-element_type=\"widget\" data-e-type=\"widget\" data-widget_type=\"heading.default\">\n\t\t\t\t<div class=\"elementor-widget-container\">\n\t\t\t\t\t<h2 class=\"elementor-heading-title elementor-size-default\">\u00a1Ll\u00e1manos o m\u00e1ndanos un email y encuentra el hogar de tus sue\u00f1os!<\/h2>\t\t\t\t<\/div>\n\t\t\t\t<\/div>\n\t\t\t\t<div class=\"elementor-element elementor-element-c210e3b elementor-widget elementor-widget-html\" data-id=\"c210e3b\" data-element_type=\"widget\" data-e-type=\"widget\" data-widget_type=\"html.default\">\n\t\t\t\t<div class=\"elementor-widget-container\">\n\t\t\t\t\t<p><a href=\"tel:+34965320024\"><i class=\"fas fa-phone\"><\/i>  + 34 965 320 024<\/a><\/p>\n<p><a href=\"mailto:oficina@inmorooke.com\"><i class=\"fas fa-envelope\"><\/i> oficina@inmorooke.com<\/a><\/p>\n<p><a href=\"https:\/\/goo.gl\/maps\/y1JUZ8RYdaGXb8vr5\"><i class=\"fas fa-map-marker-alt\"><\/i> Av. de Francia, 9, 03190 Pilar de la Horadada, Alicante<\/a><\/p>\t\t\t\t<\/div>\n\t\t\t\t<\/div>\n\t\t\t\t\t<\/div>\n\t\t<\/div>\n\t\t\t\t<div class=\"elementor-column elementor-col-50 elementor-top-column elementor-element elementor-element-5f0442d\" data-id=\"5f0442d\" data-element_type=\"column\" data-e-type=\"column\">\n\t\t\t<div class=\"elementor-widget-wrap\">\n\t\t\t\t\t\t\t<\/div>\n\t\t<\/div>\n\t\t\t\t\t<\/div>\n\t\t<\/section>\n\t\t\t\t<section class=\"elementor-section elementor-top-section elementor-element elementor-element-85882e2 elementor-section-stretched elementor-section-full_width elementor-section-height-default elementor-section-height-default\" data-id=\"85882e2\" data-element_type=\"section\" data-e-type=\"section\" data-settings=\"{&quot;stretch_section&quot;:&quot;section-stretched&quot;}\">\n\t\t\t\t\t\t<div class=\"elementor-container elementor-column-gap-default\">\n\t\t\t\t\t<div class=\"elementor-column elementor-col-100 elementor-top-column elementor-element elementor-element-31cc615\" data-id=\"31cc615\" data-element_type=\"column\" data-e-type=\"column\">\n\t\t\t<div class=\"elementor-widget-wrap elementor-element-populated\">\n\t\t\t\t\t\t<div class=\"elementor-element elementor-element-e7764ca elementor-widget elementor-widget-google_maps\" data-id=\"e7764ca\" data-element_type=\"widget\" data-e-type=\"widget\" data-settings=\"{&quot;_animation&quot;:&quot;none&quot;}\" data-widget_type=\"google_maps.default\">\n\t\t\t\t<div class=\"elementor-widget-container\">\n\t\t\t\t\t\t\t<div class=\"elementor-custom-embed\">\n\t\t\t<iframe loading=\"lazy\"\n\t\t\t\t\tsrc=\"https:\/\/maps.google.com\/maps?q=Inmobiliaria%20Richard%20A%20Rooke&#038;t=m&#038;z=16&#038;output=embed&#038;iwloc=near\"\n\t\t\t\t\ttitle=\"Inmobiliaria Richard A Rooke\"\n\t\t\t\t\taria-label=\"Inmobiliaria Richard A Rooke\"\n\t\t\t><\/iframe>\n\t\t<\/div>\n\t\t\t\t\t\t<\/div>\n\t\t\t\t<\/div>\n\t\t\t\t\t<\/div>\n\t\t<\/div>\n\t\t\t\t\t<\/div>\n\t\t<\/section>\n\t\t\t\t<\/div>\n\t\t","protected":false},"excerpt":{"rendered":"<p>Contacto \u00a1Ll\u00e1manos o m\u00e1ndanos un email y encuentra el hogar de tus sue\u00f1os! + 34 965 320 024 oficina@inmorooke.com Av. de Francia, 9, 03190 Pilar de la Horadada, Alicante<\/p>\n","protected":false},"author":3,"featured_media":0,"parent":0,"menu_order":0,"comment_status":"closed","ping_status":"closed","template":"templates\/full-width.php","meta":{"footnotes":""},"class_list":["post-4941","page","type-page","status-publish","hentry"],"yoast_head":"<!-- This site is optimized with the Yoast SEO plugin v27.2 - https:\/\/yoast.com\/product\/yoast-seo-wordpress\/ -->\n<title>Contacto - Real Estate Agency in Mil Palmeras ROOKE<\/title>\n<meta name=\"description\" content=\"Contacta con nuestra agencia inmobiliaria en Mil Palmeras, Torre de la Horadada, Pilar de la Horadada y Campoamor, en la impresionante Costa Blanca. Estamos aqu\u00ed para atender tus consultas, proporcionarte asesoramiento experto y ayudarte en la b\u00fasqueda de tu propiedad ideal en esta encantadora regi\u00f3n costera. Completa el formulario de contacto o utiliza nuestras opciones de comunicaci\u00f3n para conectarte con nuestro equipo dedicado. Estamos comprometidos en ofrecerte un servicio cercano y profesional para cumplir con tus necesidades inmobiliarias en esta hermosa \u00e1rea del Mediterr\u00e1neo.\" \/>\n<meta name=\"robots\" content=\"index, follow, max-snippet:-1, max-image-preview:large, max-video-preview:-1\" \/>\n<link rel=\"canonical\" href=\"https:\/\/www.inmorooke.com\/es\/contacto\/\" \/>\n<meta property=\"og:locale\" content=\"es_ES\" \/>\n<meta property=\"og:type\" content=\"article\" \/>\n<meta property=\"og:title\" content=\"Contacto - Real Estate Agency in Mil Palmeras ROOKE\" \/>\n<meta property=\"og:description\" content=\"Contacta con nuestra agencia inmobiliaria en Mil Palmeras, Torre de la Horadada, Pilar de la Horadada y Campoamor, en la impresionante Costa Blanca. Estamos aqu\u00ed para atender tus consultas, proporcionarte asesoramiento experto y ayudarte en la b\u00fasqueda de tu propiedad ideal en esta encantadora regi\u00f3n costera. Completa el formulario de contacto o utiliza nuestras opciones de comunicaci\u00f3n para conectarte con nuestro equipo dedicado. Estamos comprometidos en ofrecerte un servicio cercano y profesional para cumplir con tus necesidades inmobiliarias en esta hermosa \u00e1rea del Mediterr\u00e1neo.\" \/>\n<meta property=\"og:url\" content=\"https:\/\/www.inmorooke.com\/es\/contacto\/\" \/>\n<meta property=\"og:site_name\" content=\"Real Estate Agency in Mil Palmeras ROOKE\" \/>\n<meta property=\"article:modified_time\" content=\"2024-09-13T11:04:16+00:00\" \/>\n<meta name=\"twitter:card\" content=\"summary_large_image\" \/>\n<script type=\"application\/ld+json\" class=\"yoast-schema-graph\">{\"@context\":\"https:\/\/schema.org\",\"@graph\":[{\"@type\":\"WebPage\",\"@id\":\"https:\/\/www.inmorooke.com\/es\/contacto\/\",\"url\":\"https:\/\/www.inmorooke.com\/es\/contacto\/\",\"name\":\"Contacto - Real Estate Agency in Mil Palmeras ROOKE\",\"isPartOf\":{\"@id\":\"https:\/\/www.inmorooke.com\/#website\"},\"datePublished\":\"2020-02-20T18:12:54+00:00\",\"dateModified\":\"2024-09-13T11:04:16+00:00\",\"description\":\"Contacta con nuestra agencia inmobiliaria en Mil Palmeras, Torre de la Horadada, Pilar de la Horadada y Campoamor, en la impresionante Costa Blanca. Estamos aqu\u00ed para atender tus consultas, proporcionarte asesoramiento experto y ayudarte en la b\u00fasqueda de tu propiedad ideal en esta encantadora regi\u00f3n costera. Completa el formulario de contacto o utiliza nuestras opciones de comunicaci\u00f3n para conectarte con nuestro equipo dedicado. Estamos comprometidos en ofrecerte un servicio cercano y profesional para cumplir con tus necesidades inmobiliarias en esta hermosa \u00e1rea del Mediterr\u00e1neo.\",\"breadcrumb\":{\"@id\":\"https:\/\/www.inmorooke.com\/es\/contacto\/#breadcrumb\"},\"inLanguage\":\"es\",\"potentialAction\":[{\"@type\":\"ReadAction\",\"target\":[\"https:\/\/www.inmorooke.com\/es\/contacto\/\"]}]},{\"@type\":\"BreadcrumbList\",\"@id\":\"https:\/\/www.inmorooke.com\/es\/contacto\/#breadcrumb\",\"itemListElement\":[{\"@type\":\"ListItem\",\"position\":1,\"name\":\"Home\",\"item\":\"https:\/\/www.inmorooke.com\/es\/\"},{\"@type\":\"ListItem\",\"position\":2,\"name\":\"Contacto\"}]},{\"@type\":\"WebSite\",\"@id\":\"https:\/\/www.inmorooke.com\/#website\",\"url\":\"https:\/\/www.inmorooke.com\/\",\"name\":\"Real Estate Agency in Mil Palmeras ROOKE\",\"description\":\"Tu hogar al mejor precio\",\"publisher\":{\"@id\":\"https:\/\/www.inmorooke.com\/#organization\"},\"potentialAction\":[{\"@type\":\"SearchAction\",\"target\":{\"@type\":\"EntryPoint\",\"urlTemplate\":\"https:\/\/www.inmorooke.com\/?s={search_term_string}\"},\"query-input\":{\"@type\":\"PropertyValueSpecification\",\"valueRequired\":true,\"valueName\":\"search_term_string\"}}],\"inLanguage\":\"es\"},{\"@type\":\"Organization\",\"@id\":\"https:\/\/www.inmorooke.com\/#organization\",\"name\":\"Real Estate Agency in Mil Palmeras ROOKE\",\"url\":\"https:\/\/www.inmorooke.com\/\",\"logo\":{\"@type\":\"ImageObject\",\"inLanguage\":\"es\",\"@id\":\"https:\/\/www.inmorooke.com\/#\/schema\/logo\/image\/\",\"url\":\"https:\/\/www.inmorooke.com\/wp-content\/uploads\/2020\/02\/Logo-Rooke-blanco-e1581354757929.png\",\"contentUrl\":\"https:\/\/www.inmorooke.com\/wp-content\/uploads\/2020\/02\/Logo-Rooke-blanco-e1581354757929.png\",\"width\":300,\"height\":95,\"caption\":\"Real Estate Agency in Mil Palmeras ROOKE\"},\"image\":{\"@id\":\"https:\/\/www.inmorooke.com\/#\/schema\/logo\/image\/\"}}]}<\/script>\n<!-- \/ Yoast SEO plugin. -->","yoast_head_json":{"title":"Contacto - Real Estate Agency in Mil Palmeras ROOKE","description":"Contacta con nuestra agencia inmobiliaria en Mil Palmeras, Torre de la Horadada, Pilar de la Horadada y Campoamor, en la impresionante Costa Blanca. Estamos aqu\u00ed para atender tus consultas, proporcionarte asesoramiento experto y ayudarte en la b\u00fasqueda de tu propiedad ideal en esta encantadora regi\u00f3n costera. Completa el formulario de contacto o utiliza nuestras opciones de comunicaci\u00f3n para conectarte con nuestro equipo dedicado. Estamos comprometidos en ofrecerte un servicio cercano y profesional para cumplir con tus necesidades inmobiliarias en esta hermosa \u00e1rea del Mediterr\u00e1neo.","robots":{"index":"index","follow":"follow","max-snippet":"max-snippet:-1","max-image-preview":"max-image-preview:large","max-video-preview":"max-video-preview:-1"},"canonical":"https:\/\/www.inmorooke.com\/es\/contacto\/","og_locale":"es_ES","og_type":"article","og_title":"Contacto - Real Estate Agency in Mil Palmeras ROOKE","og_description":"Contacta con nuestra agencia inmobiliaria en Mil Palmeras, Torre de la Horadada, Pilar de la Horadada y Campoamor, en la impresionante Costa Blanca. Estamos aqu\u00ed para atender tus consultas, proporcionarte asesoramiento experto y ayudarte en la b\u00fasqueda de tu propiedad ideal en esta encantadora regi\u00f3n costera. Completa el formulario de contacto o utiliza nuestras opciones de comunicaci\u00f3n para conectarte con nuestro equipo dedicado. Estamos comprometidos en ofrecerte un servicio cercano y profesional para cumplir con tus necesidades inmobiliarias en esta hermosa \u00e1rea del Mediterr\u00e1neo.","og_url":"https:\/\/www.inmorooke.com\/es\/contacto\/","og_site_name":"Real Estate Agency in Mil Palmeras ROOKE","article_modified_time":"2024-09-13T11:04:16+00:00","twitter_card":"summary_large_image","schema":{"@context":"https:\/\/schema.org","@graph":[{"@type":"WebPage","@id":"https:\/\/www.inmorooke.com\/es\/contacto\/","url":"https:\/\/www.inmorooke.com\/es\/contacto\/","name":"Contacto - Real Estate Agency in Mil Palmeras ROOKE","isPartOf":{"@id":"https:\/\/www.inmorooke.com\/#website"},"datePublished":"2020-02-20T18:12:54+00:00","dateModified":"2024-09-13T11:04:16+00:00","description":"Contacta con nuestra agencia inmobiliaria en Mil Palmeras, Torre de la Horadada, Pilar de la Horadada y Campoamor, en la impresionante Costa Blanca. Estamos aqu\u00ed para atender tus consultas, proporcionarte asesoramiento experto y ayudarte en la b\u00fasqueda de tu propiedad ideal en esta encantadora regi\u00f3n costera. Completa el formulario de contacto o utiliza nuestras opciones de comunicaci\u00f3n para conectarte con nuestro equipo dedicado. Estamos comprometidos en ofrecerte un servicio cercano y profesional para cumplir con tus necesidades inmobiliarias en esta hermosa \u00e1rea del Mediterr\u00e1neo.","breadcrumb":{"@id":"https:\/\/www.inmorooke.com\/es\/contacto\/#breadcrumb"},"inLanguage":"es","potentialAction":[{"@type":"ReadAction","target":["https:\/\/www.inmorooke.com\/es\/contacto\/"]}]},{"@type":"BreadcrumbList","@id":"https:\/\/www.inmorooke.com\/es\/contacto\/#breadcrumb","itemListElement":[{"@type":"ListItem","position":1,"name":"Home","item":"https:\/\/www.inmorooke.com\/es\/"},{"@type":"ListItem","position":2,"name":"Contacto"}]},{"@type":"WebSite","@id":"https:\/\/www.inmorooke.com\/#website","url":"https:\/\/www.inmorooke.com\/","name":"Real Estate Agency in Mil Palmeras ROOKE","description":"Tu hogar al mejor precio","publisher":{"@id":"https:\/\/www.inmorooke.com\/#organization"},"potentialAction":[{"@type":"SearchAction","target":{"@type":"EntryPoint","urlTemplate":"https:\/\/www.inmorooke.com\/?s={search_term_string}"},"query-input":{"@type":"PropertyValueSpecification","valueRequired":true,"valueName":"search_term_string"}}],"inLanguage":"es"},{"@type":"Organization","@id":"https:\/\/www.inmorooke.com\/#organization","name":"Real Estate Agency in Mil Palmeras ROOKE","url":"https:\/\/www.inmorooke.com\/","logo":{"@type":"ImageObject","inLanguage":"es","@id":"https:\/\/www.inmorooke.com\/#\/schema\/logo\/image\/","url":"https:\/\/www.inmorooke.com\/wp-content\/uploads\/2020\/02\/Logo-Rooke-blanco-e1581354757929.png","contentUrl":"https:\/\/www.inmorooke.com\/wp-content\/uploads\/2020\/02\/Logo-Rooke-blanco-e1581354757929.png","width":300,"height":95,"caption":"Real Estate Agency in Mil Palmeras ROOKE"},"image":{"@id":"https:\/\/www.inmorooke.com\/#\/schema\/logo\/image\/"}}]}},"_links":{"self":[{"href":"https:\/\/www.inmorooke.com\/es\/wp-json\/wp\/v2\/pages\/4941","targetHints":{"allow":["GET"]}}],"collection":[{"href":"https:\/\/www.inmorooke.com\/es\/wp-json\/wp\/v2\/pages"}],"about":[{"href":"https:\/\/www.inmorooke.com\/es\/wp-json\/wp\/v2\/types\/page"}],"author":[{"embeddable":true,"href":"https:\/\/www.inmorooke.com\/es\/wp-json\/wp\/v2\/users\/3"}],"replies":[{"embeddable":true,"href":"https:\/\/www.inmorooke.com\/es\/wp-json\/wp\/v2\/comments?post=4941"}],"version-history":[{"count":22,"href":"https:\/\/www.inmorooke.com\/es\/wp-json\/wp\/v2\/pages\/4941\/revisions"}],"predecessor-version":[{"id":10667,"href":"https:\/\/www.inmorooke.com\/es\/wp-json\/wp\/v2\/pages\/4941\/revisions\/10667"}],"wp:attachment":[{"href":"https:\/\/www.inmorooke.com\/es\/wp-json\/wp\/v2\/media?parent=4941"}],"curies":[{"name":"wp","href":"https:\/\/api.w.org\/{rel}","templated":true}]}}